{"id":57988,"date":"2026-01-06T10:59:59","date_gmt":"2026-01-06T18:59:59","guid":{"rendered":"https:\/\/elaw.org\/?page_id=57988"},"modified":"2026-01-06T11:15:07","modified_gmt":"2026-01-06T19:15:07","slug":"selected-plastic-laws","status":"publish","type":"page","link":"https:\/\/elaw.org\/fr\/selected-plastic-laws","title":{"rendered":"S\u00e9lectionnez les lois sur le plastique"},"content":{"rendered":"<div class=\"wp-block-cover alignfull generichero\" style=\"margin-top:0\"><img loading=\"lazy\" decoding=\"async\" width=\"2200\" height=\"440\" class=\"wp-block-cover__image-background wp-image-48846\" alt=\"\" src=\"https:\/\/elaw.org\/wp-content\/uploads\/2023\/10\/Plastic-Law-header-hero-no-text.jpg\" data-object-fit=\"cover\" srcset=\"https:\/\/elaw.org\/wp-content\/uploads\/2023\/10\/Plastic-Law-header-hero-no-text.jpg 2200w, https:\/\/elaw.org\/wp-content\/uploads\/2023\/10\/Plastic-Law-header-hero-no-text-336x67.jpg 336w, https:\/\/elaw.org\/wp-content\/uploads\/2023\/10\/Plastic-Law-header-hero-no-text-771x154.jpg 771w, https:\/\/elaw.org\/wp-content\/uploads\/2023\/10\/Plastic-Law-header-hero-no-text-768x154.jpg 768w, https:\/\/elaw.org\/wp-content\/uploads\/2023\/10\/Plastic-Law-header-hero-no-text-1536x307.jpg 1536w, https:\/\/elaw.org\/wp-content\/uploads\/2023\/10\/Plastic-Law-header-hero-no-text-2048x410.jpg 2048w, https:\/\/elaw.org\/wp-content\/uploads\/2023\/10\/Plastic-Law-header-hero-no-text-18x4.jpg 18w\" sizes=\"auto, (max-width: 2200px) 100vw, 2200px\" \/><span aria-hidden=\"true\" class=\"wp-block-cover__background has-black-background-color has-background-dim-40 has-background-dim\"><\/span><div class=\"wp-block-cover__inner-container is-layout-flow wp-block-cover-is-layout-flow\">\n<h1 class=\"wp-block-heading has-text-align-center has-palette-color-8-color has-text-color\">Loi plastique<\/h1>\n\n\n\n<p class=\"has-text-align-center has-palette-color-8-color has-text-color has-medium-font-size\"><strong>D\u00e9cisions de justice concernant le plastique<\/strong><\/p>\n\n\n\n<div class=\"wp-block-buttons is-content-justification-center is-layout-flex wp-container-core-buttons-is-layout-a89b3969 wp-block-buttons-is-layout-flex\">\n<div class=\"wp-block-button is-style-primary-button\"><a class=\"wp-block-button__link wp-element-button\" href=\"\/fr\/plastic\/\">Retour au plastique<\/a><\/div>\n\n\n\n<div class=\"wp-block-button is-style-primary-button\"><a class=\"wp-block-button__link wp-element-button\" href=\"\/fr\/select-plastic-laws\/\">S\u00e9lectionnez les lois sur le plastique<\/a><\/div>\n<\/div>\n<\/div><\/div>\n\n\n\n<div class=\"wp-block-columns is-layout-flex wp-container-core-columns-is-layout-28f84493 wp-block-columns-is-layout-flex\">\n<div class=\"wp-block-column facetwpfilters is-layout-flow wp-block-column-is-layout-flow\" style=\"border-right-width:1px;padding-top:var(--wp--preset--spacing--50);padding-right:var(--wp--preset--spacing--50);padding-bottom:var(--wp--preset--spacing--50);padding-left:var(--wp--preset--spacing--50);flex-basis:33.33%\"><div class=\"facetwp-facet facetwp-facet-algolia facetwp-type-algolia\" data-name=\"algolia\" data-type=\"algolia\"><\/div>\n\n\n\n<p class=\"has-medium-font-size\"><strong>Sujet de ressource<\/strong><\/p>\n\n\n<div class=\"facetwp-facet facetwp-facet-resource_topics facetwp-type-checkboxes\" data-name=\"resource_topics\" data-type=\"checkboxes\"><\/div>\n\n\n\n<p class=\"has-medium-font-size\"><strong>R\u00e9gion &amp; Pays<\/strong><\/p>\n\n\n<div class=\"facetwp-facet facetwp-facet-resource_region facetwp-type-checkboxes\" data-name=\"resource_region\" data-type=\"checkboxes\"><\/div>\n<\/div>\n\n\n\n<div class=\"wp-block-column facetwpresults is-layout-flow wp-block-column-is-layout-flow\" style=\"padding-top:var(--wp--preset--spacing--50);padding-right:var(--wp--preset--spacing--50);padding-bottom:var(--wp--preset--spacing--50);padding-left:var(--wp--preset--spacing--50);flex-basis:66.66%\">\n<div class=\"wp-block-buttons facetwp-flyout-open is-layout-flex wp-block-buttons-is-layout-flex\">\n<div class=\"wp-block-button is-style-secondary-button\"><a class=\"wp-block-button__link wp-element-button\">Filtre<\/a><\/div>\n<\/div>\n\n\n\n<div class=\"wp-block-columns facetwpsort is-layout-flex wp-container-core-columns-is-layout-28f84493 wp-block-columns-is-layout-flex\">\n<div class=\"wp-block-column is-vertically-aligned-center is-layout-flow wp-block-column-is-layout-flow\" style=\"flex-basis:10%\">\n<p><strong>Trier par<\/strong><\/p>\n<\/div>\n\n\n\n<div class=\"wp-block-column is-vertically-aligned-center is-layout-flow wp-block-column-is-layout-flow\" style=\"flex-basis:90%\"><div class=\"facetwp-facet facetwp-facet-sort_by_date facetwp-type-sort\" data-name=\"sort_by_date\" data-type=\"sort\"><\/div>\n<\/div>\n<\/div>\n\n\n<div class=\"facetwp-template\" data-name=\"select_plastic_laws\"><div class=\"fwpl-layout el-slswla resourcesresults\"><div class=\"fwpl-result r1\"><div class=\"fwpl-row el-wk6ahh resource-listing\"><div class=\"fwpl-col fwpl-col el-wpl5bc resource-left-col\"><div class=\"fwpl-item el-k1rmn8 resource-title\"><a href=\"https:\/\/elaw.org\/fr\/resource\/bf_plasticlaws\">Burkina Faso : Quelques lois sur le plastique<\/a><\/div><div class=\"fwpl-item el-gunkc9 region-group\"><span class=\"resource-date\">1970<\/span>\n\n        <div class=\"region-group\">\n            <span class=\"region-name\">Afrique sub-saharienne<\/span>\n\n                                <span class=\"country-name\">Burkina Faso<\/span>\n                        <\/div>\n\n    \n\n        <div class=\"topic-group\">\n            <span class=\"topic-name\">Plastique<\/span>\n\n                    <\/div>\n\n    \n        <div class=\"topic-group\">\n            <span class=\"topic-name\">D\u00e9chets<\/span>\n\n                                <span class=\"child-topic-name\">Plastiques et d\u00e9chets plastiques<\/span>\n                        <\/div>\n\n    <\/div><\/div><\/div><\/div><div class=\"fwpl-result r2\"><div class=\"fwpl-row el-wk6ahh resource-listing\"><div class=\"fwpl-col fwpl-col el-wpl5bc resource-left-col\"><div class=\"fwpl-item el-k1rmn8 resource-title\"><a href=\"https:\/\/elaw.org\/fr\/resource\/bw_plasticlaws\">Les lois sur le plastique du Botswana<\/a><\/div><div class=\"fwpl-item el-gunkc9 region-group\"><span class=\"resource-date\">1970<\/span>\n\n        <div class=\"region-group\">\n            <span class=\"region-name\">Afrique sub-saharienne<\/span>\n\n                                <span class=\"country-name\">Botswana<\/span>\n                        <\/div>\n\n    \n<\/div><\/div><\/div><\/div><div class=\"fwpl-result r3\"><div class=\"fwpl-row el-wk6ahh resource-listing\"><div class=\"fwpl-col fwpl-col el-wpl5bc resource-left-col\"><div class=\"fwpl-item el-k1rmn8 resource-title\"><a href=\"https:\/\/elaw.org\/fr\/resource\/br_plasticlaws\">Br\u00e9sil\u00a0: certaines lois sur le plastique<\/a><\/div><div class=\"fwpl-item el-gunkc9 region-group\"><span class=\"resource-date\">1970<\/span>\n\n        <div class=\"region-group\">\n            <span class=\"region-name\">Am\u00e9rique du Sud<\/span>\n\n                                <span class=\"country-name\">Br\u00e9sil<\/span>\n                        <\/div>\n\n    \n\n        <div class=\"topic-group\">\n            <span class=\"topic-name\">Plastique<\/span>\n\n                    <\/div>\n\n    <\/div><\/div><\/div><\/div><div class=\"fwpl-result r4\"><div class=\"fwpl-row el-wk6ahh resource-listing\"><div class=\"fwpl-col fwpl-col el-wpl5bc resource-left-col\"><div class=\"fwpl-item el-k1rmn8 resource-title\"><a href=\"https:\/\/elaw.org\/fr\/resource\/lc_plasticlaws\">Sainte-Lucie\u00a0: s\u00e9lection de lois sur le plastique<\/a><\/div><div class=\"fwpl-item el-gunkc9 region-group\"><span class=\"resource-date\">1970<\/span>\n\n        <div class=\"region-group\">\n            <span class=\"region-name\">Cara\u00efbes<\/span>\n\n                                <span class=\"country-name\">Sainte-Lucie<\/span>\n                        <\/div>\n\n    \n\n        <div class=\"topic-group\">\n            <span class=\"topic-name\">Plastique<\/span>\n\n                    <\/div>\n\n    <\/div><\/div><\/div><\/div><div class=\"fwpl-result r5\"><div class=\"fwpl-row el-wk6ahh resource-listing\"><div class=\"fwpl-col fwpl-col el-wpl5bc resource-left-col\"><div class=\"fwpl-item el-k1rmn8 resource-title\"><a href=\"https:\/\/elaw.org\/fr\/resource\/bo_wastelaws\">Bolivie : Quelques lois sur les d\u00e9chets<\/a><\/div><div class=\"fwpl-item el-gunkc9 region-group\"><span class=\"resource-date\">1970<\/span>\n\n        <div class=\"region-group\">\n            <span class=\"region-name\">Am\u00e9rique du Sud<\/span>\n\n                                <span class=\"country-name\">Bolivie<\/span>\n                        <\/div>\n\n    \n<\/div><\/div><\/div><\/div><div class=\"fwpl-result r6\"><div class=\"fwpl-row el-wk6ahh resource-listing\"><div class=\"fwpl-col fwpl-col el-wpl5bc resource-left-col\"><div class=\"fwpl-item el-k1rmn8 resource-title\"><a href=\"https:\/\/elaw.org\/fr\/resource\/cl_wastelaws\">Chili - Certaines lois sur les d\u00e9chets<\/a><\/div><div class=\"fwpl-item el-gunkc9 region-group\"><span class=\"resource-date\">1970<\/span>\n\n        <div class=\"region-group\">\n            <span class=\"region-name\">Am\u00e9rique du Sud<\/span>\n\n                                <span class=\"country-name\">Chili<\/span>\n                        <\/div>\n\n    \n\n        <div class=\"topic-group\">\n            <span class=\"topic-name\">D\u00e9chets<\/span>\n\n                    <\/div>\n\n    <\/div><\/div><\/div><\/div><div class=\"fwpl-result r7\"><div class=\"fwpl-row el-wk6ahh resource-listing\"><div class=\"fwpl-col fwpl-col el-wpl5bc resource-left-col\"><div class=\"fwpl-item el-k1rmn8 resource-title\"><a href=\"https:\/\/elaw.org\/fr\/resource\/ar_wastelaws\">Lois argentines sur les d\u00e9chets (certaines lois)<\/a><\/div><div class=\"fwpl-item el-gunkc9 region-group\"><span class=\"resource-date\">1970<\/span>\n\n        <div class=\"region-group\">\n            <span class=\"region-name\">Am\u00e9rique du Sud<\/span>\n\n                                <span class=\"country-name\">Argentine<\/span>\n                        <\/div>\n\n    \n\n        <div class=\"topic-group\">\n            <span class=\"topic-name\">D\u00e9chets<\/span>\n\n                    <\/div>\n\n    <\/div><\/div><\/div><\/div><div class=\"fwpl-result r8\"><div class=\"fwpl-row el-wk6ahh resource-listing\"><div class=\"fwpl-col fwpl-col el-wpl5bc resource-left-col\"><div class=\"fwpl-item el-k1rmn8 resource-title\"><a href=\"https:\/\/elaw.org\/fr\/resource\/aw_plasticlaws\">Aruba\u00a0: s\u00e9lectionner des lois sur le plastique<\/a><\/div><div class=\"fwpl-item el-gunkc9 region-group\"><span class=\"resource-date\">1970<\/span>\n\n        <div class=\"region-group\">\n            <span class=\"region-name\">Cara\u00efbes<\/span>\n\n                                <span class=\"country-name\">Aruba<\/span>\n                        <\/div>\n\n    \n\n        <div class=\"topic-group\">\n            <span class=\"topic-name\">Plastique<\/span>\n\n                    <\/div>\n\n    <\/div><\/div><\/div><\/div><div class=\"fwpl-result r9\"><div class=\"fwpl-row el-wk6ahh resource-listing\"><div class=\"fwpl-col fwpl-col el-wpl5bc resource-left-col\"><div class=\"fwpl-item el-k1rmn8 resource-title\"><a href=\"https:\/\/elaw.org\/fr\/resource\/gt_plasticlaws\">Guatemala : S\u00e9lectionnez la loi sur le plastique<\/a><\/div><div class=\"fwpl-item el-gunkc9 region-group\"><span class=\"resource-date\">1970<\/span>\n\n        <div class=\"region-group\">\n            <span class=\"region-name\">Am\u00e9rique centrale<\/span>\n\n                                <span class=\"country-name\">Guatemala<\/span>\n                        <\/div>\n\n    \n\n        <div class=\"topic-group\">\n            <span class=\"topic-name\">Plastique<\/span>\n\n                    <\/div>\n\n    <\/div><\/div><\/div><\/div><div class=\"fwpl-result r10\"><div class=\"fwpl-row el-wk6ahh resource-listing\"><div class=\"fwpl-col fwpl-col el-wpl5bc resource-left-col\"><div class=\"fwpl-item el-k1rmn8 resource-title\"><a href=\"https:\/\/elaw.org\/fr\/resource\/cr_plasticlaws\">Lois sur le plastique au Costa Rica<\/a><\/div><div class=\"fwpl-item el-gunkc9 region-group\"><span class=\"resource-date\">1970<\/span>\n\n        <div class=\"region-group\">\n            <span class=\"region-name\">Am\u00e9rique centrale<\/span>\n\n                                <span class=\"country-name\">Costa Rica<\/span>\n                        <\/div>\n\n    \n\n        <div class=\"topic-group\">\n            <span class=\"topic-name\">Plastique<\/span>\n\n                    <\/div>\n\n    <\/div><\/div><\/div><\/div><div class=\"fwpl-result r11\"><div class=\"fwpl-row el-wk6ahh resource-listing\"><div class=\"fwpl-col fwpl-col el-wpl5bc resource-left-col\"><div class=\"fwpl-item el-k1rmn8 resource-title\"><a href=\"https:\/\/elaw.org\/fr\/resource\/bz_plasticlaws\">Belize\u00a0: s\u00e9lection de lois sur le plastique<\/a><\/div><div class=\"fwpl-item el-gunkc9 region-group\"><span class=\"resource-date\">1970<\/span>\n\n        <div class=\"region-group\">\n            <span class=\"region-name\">Am\u00e9rique centrale<\/span>\n\n                                <span class=\"country-name\">B\u00e9lize<\/span>\n                        <\/div>\n\n    \n\n        <div class=\"topic-group\">\n            <span class=\"topic-name\">Plastique<\/span>\n\n                    <\/div>\n\n    <\/div><\/div><\/div><\/div><div class=\"fwpl-result r12\"><div class=\"fwpl-row el-wk6ahh resource-listing\"><div class=\"fwpl-col fwpl-col el-wpl5bc resource-left-col\"><div class=\"fwpl-item el-k1rmn8 resource-title\"><a href=\"https:\/\/elaw.org\/fr\/resource\/cl_plasticlaws\">Chili\u00a0: certaines lois sur le plastique<\/a><\/div><div class=\"fwpl-item el-gunkc9 region-group\"><span class=\"resource-date\">1970<\/span>\n\n        <div class=\"region-group\">\n            <span class=\"region-name\">Am\u00e9rique du Sud<\/span>\n\n                                <span class=\"country-name\">Chili<\/span>\n                        <\/div>\n\n    \n\n        <div class=\"topic-group\">\n            <span class=\"topic-name\">Plastique<\/span>\n\n                    <\/div>\n\n    <\/div><\/div><\/div><\/div><\/div>\n<style>\n.fwpl-layout, .fwpl-row {\n    display: grid;\n}\n.fwpl-layout.el-slswla {\n    grid-template-columns: repeat(1, 1fr);\n    grid-gap: 10px;\n}\n.fwpl-btn {\n    text-decoration: none;\n}\n.fwpl-layout.el-slswla .fwpl-result {\n    padding: 20px;\n}\n.fwpl-row.el-wk6ahh {\n    grid-template-columns: 1fr;\n}\n@media (max-width: 480px) { \n    body .facetwp-template .fwpl-layout,  \n    body .facetwp-template-static .fwpl-layout { grid-template-columns: 1fr; } \n} \n\n<\/style>\n<\/div>\n\n\n\n<div style=\"height:50px\" aria-hidden=\"true\" class=\"wp-block-spacer\"><\/div>\n\n\n<div class=\"facetwp-facet facetwp-facet-result_count facetwp-type-pager\" data-name=\"result_count\" data-type=\"pager\"><\/div>\n\n\n<div class=\"facetwp-facet facetwp-facet-resource_pager facetwp-type-pager\" data-name=\"resource_pager\" data-type=\"pager\"><\/div>\n<\/div>\n<\/div>\n\n\n\n<div style=\"height:100px\" aria-hidden=\"true\" class=\"wp-block-spacer\"><\/div>\n\n\n\n<p class=\"has-text-align-center\"><strong>Ce projet a \u00e9t\u00e9 rendu possible gr\u00e2ce au g\u00e9n\u00e9reux soutien de la Fondation Philip Stoddard Brown et Adele Smith Brown.<\/strong><\/p>\n\n\n\n<div style=\"height:100px\" aria-hidden=\"true\" class=\"wp-block-spacer\"><\/div>","protected":false},"excerpt":{"rendered":"<p>Sujet de ressource R\u00e9gion et pays Trier par Ce projet a \u00e9t\u00e9 rendu possible gr\u00e2ce au g\u00e9n\u00e9reux soutien de la Fondation Philip Stoddard Brown et Adele Smith Brown.<\/p>","protected":false},"author":8,"featured_media":0,"parent":0,"menu_order":0,"comment_status":"closed","ping_status":"closed","template":"","meta":{"_acf_changed":false,"inline_featured_image":false,"footnotes":""},"class_list":["post-57988","page","type-page","status-publish","hentry"],"blocksy_meta":[],"acf":[],"_links":{"self":[{"href":"https:\/\/elaw.org\/fr\/wp-json\/wp\/v2\/pages\/57988","targetHints":{"allow":["GET"]}}],"collection":[{"href":"https:\/\/elaw.org\/fr\/wp-json\/wp\/v2\/pages"}],"about":[{"href":"https:\/\/elaw.org\/fr\/wp-json\/wp\/v2\/types\/page"}],"author":[{"embeddable":true,"href":"https:\/\/elaw.org\/fr\/wp-json\/wp\/v2\/users\/8"}],"replies":[{"embeddable":true,"href":"https:\/\/elaw.org\/fr\/wp-json\/wp\/v2\/comments?post=57988"}],"version-history":[{"count":1,"href":"https:\/\/elaw.org\/fr\/wp-json\/wp\/v2\/pages\/57988\/revisions"}],"predecessor-version":[{"id":57989,"href":"https:\/\/elaw.org\/fr\/wp-json\/wp\/v2\/pages\/57988\/revisions\/57989"}],"wp:attachment":[{"href":"https:\/\/elaw.org\/fr\/wp-json\/wp\/v2\/media?parent=57988"}],"curies":[{"name":"wp","href":"https:\/\/api.w.org\/{rel}","templated":true}]}}