{"id":32703,"date":"2023-06-21T10:46:26","date_gmt":"2023-06-21T18:46:26","guid":{"rendered":"https:\/\/elaw.org\/?page_id=32703"},"modified":"2025-06-05T10:06:55","modified_gmt":"2025-06-05T18:06:55","slug":"news","status":"publish","type":"page","link":"https:\/\/elaw.org\/fr\/news","title":{"rendered":"Nouvelles"},"content":{"rendered":"\n<div class=\"wp-block-cover alignfull generichero\" style=\"margin-top:0\"><img loading=\"lazy\" decoding=\"async\" width=\"2560\" height=\"1703\" class=\"wp-block-cover__image-background wp-image-48796\" alt=\"\" src=\"https:\/\/elaw.org\/wp-content\/uploads\/2023\/10\/nasa-Q1p7bh3SHj8-unsplash-scaled.jpg\" style=\"object-position:64% 72%\" data-object-fit=\"cover\" data-object-position=\"64% 72%\" srcset=\"https:\/\/elaw.org\/wp-content\/uploads\/2023\/10\/nasa-Q1p7bh3SHj8-unsplash-scaled.jpg 2560w, https:\/\/elaw.org\/wp-content\/uploads\/2023\/10\/nasa-Q1p7bh3SHj8-unsplash-336x224.jpg 336w, https:\/\/elaw.org\/wp-content\/uploads\/2023\/10\/nasa-Q1p7bh3SHj8-unsplash-771x513.jpg 771w, https:\/\/elaw.org\/wp-content\/uploads\/2023\/10\/nasa-Q1p7bh3SHj8-unsplash-768x511.jpg 768w, https:\/\/elaw.org\/wp-content\/uploads\/2023\/10\/nasa-Q1p7bh3SHj8-unsplash-1536x1022.jpg 1536w, https:\/\/elaw.org\/wp-content\/uploads\/2023\/10\/nasa-Q1p7bh3SHj8-unsplash-2048x1363.jpg 2048w, https:\/\/elaw.org\/wp-content\/uploads\/2023\/10\/nasa-Q1p7bh3SHj8-unsplash-18x12.jpg 18w\" sizes=\"auto, (max-width: 2560px) 100vw, 2560px\" \/><span aria-hidden=\"true\" class=\"wp-block-cover__background has-black-background-color has-background-dim-0 has-background-dim\"><\/span><div class=\"wp-block-cover__inner-container is-layout-flow wp-block-cover-is-layout-flow\">\n<h1 class=\"wp-block-heading has-text-align-center has-palette-color-8-color has-text-color\">Latest News<\/h1>\n<\/div><\/div>\n\n\n\n<div class=\"wp-block-columns is-layout-flex wp-container-core-columns-is-layout-28f84493 wp-block-columns-is-layout-flex\">\n<div class=\"wp-block-column is-layout-flow wp-block-column-is-layout-flow\"><div class=\"facetwp-facet facetwp-facet-news_type facetwp-type-dropdown\" data-name=\"news_type\" data-type=\"dropdown\"><\/div>\n<\/div>\n<\/div>\n\n\n\n<div style=\"height:50px\" aria-hidden=\"true\" class=\"wp-block-spacer\"><\/div>\n\n\n\n<div class=\"wp-block-columns alignwide facetwppostsblock is-layout-flex wp-container-core-columns-is-layout-28f84493 wp-block-columns-is-layout-flex\">\n<div class=\"wp-block-column is-layout-flow wp-block-column-is-layout-flow\">\n<div class=\"wp-block-columns latestnewsposts is-layout-flex wp-container-core-columns-is-layout-28f84493 wp-block-columns-is-layout-flex\">\n<div class=\"wp-block-column facetwpnews is-layout-flow wp-block-column-is-layout-flow\"><div class=\"facetwp-template\" data-name=\"news\"><div class=\"fwpl-layout el-axf4x newsitem\"><div class=\"fwpl-result r1\"><div class=\"fwpl-row el-14ceo\"><div class=\"fwpl-col fwpl-col el-htqeji\"><div class=\"fwpl-item featured-image\"><a href=\"https:\/\/elaw.org\/fr\/elaw-fellow-izamar-rivera-arrives-from-honduras\"><img loading=\"lazy\" decoding=\"async\" width=\"1180\" height=\"885\" src=\"https:\/\/elaw.org\/wp-content\/uploads\/2026\/04\/2026_04_01_bulletin_1180x885.jpg\" class=\"attachment-full size-full wp-post-image\" alt=\"Izamar Rivera Arrives From Honduras\" srcset=\"https:\/\/elaw.org\/wp-content\/uploads\/2026\/04\/2026_04_01_bulletin_1180x885.jpg 1180w, https:\/\/elaw.org\/wp-content\/uploads\/2026\/04\/2026_04_01_bulletin_1180x885-336x252.jpg 336w, https:\/\/elaw.org\/wp-content\/uploads\/2026\/04\/2026_04_01_bulletin_1180x885-771x578.jpg 771w, https:\/\/elaw.org\/wp-content\/uploads\/2026\/04\/2026_04_01_bulletin_1180x885-768x576.jpg 768w, https:\/\/elaw.org\/wp-content\/uploads\/2026\/04\/2026_04_01_bulletin_1180x885-16x12.jpg 16w\" sizes=\"auto, (max-width: 1180px) 100vw, 1180px\" \/><\/a><\/div><div class=\"fwpl-item el-5wh07\">avril 1, 2026<\/div><div class=\"fwpl-item el-vfn8ed\"><a href=\"https:\/\/elaw.org\/fr\/elaw-fellow-izamar-rivera-arrives-from-honduras\">ELAW Fellow Izamar Rivera Arrives From Honduras<\/a><\/div><div class=\"fwpl-item postexcerpt marginbottom10\">We are pleased to welcome our new ELAW Fellow, Izamar Rivera!<\/div><\/div><\/div><\/div><div class=\"fwpl-result r2\"><div class=\"fwpl-row el-14ceo\"><div class=\"fwpl-col fwpl-col el-htqeji\"><div class=\"fwpl-item featured-image\"><a href=\"https:\/\/elaw.org\/fr\/advocatespring2026\"><img loading=\"lazy\" decoding=\"async\" width=\"1275\" height=\"1650\" src=\"https:\/\/elaw.org\/wp-content\/uploads\/2026\/03\/AdvocateSpring2026_cover.jpg\" class=\"attachment-full size-full wp-post-image\" alt=\"Advocate cover, Spring 2026\" srcset=\"https:\/\/elaw.org\/wp-content\/uploads\/2026\/03\/AdvocateSpring2026_cover.jpg 1275w, https:\/\/elaw.org\/wp-content\/uploads\/2026\/03\/AdvocateSpring2026_cover-336x435.jpg 336w, https:\/\/elaw.org\/wp-content\/uploads\/2026\/03\/AdvocateSpring2026_cover-771x998.jpg 771w, https:\/\/elaw.org\/wp-content\/uploads\/2026\/03\/AdvocateSpring2026_cover-768x994.jpg 768w, https:\/\/elaw.org\/wp-content\/uploads\/2026\/03\/AdvocateSpring2026_cover-1187x1536.jpg 1187w, https:\/\/elaw.org\/wp-content\/uploads\/2026\/03\/AdvocateSpring2026_cover-9x12.jpg 9w\" sizes=\"auto, (max-width: 1275px) 100vw, 1275px\" \/><\/a><\/div><div class=\"fwpl-item el-5wh07\">mars 20, 2026<\/div><div class=\"fwpl-item el-vfn8ed\"><a href=\"https:\/\/elaw.org\/fr\/advocatespring2026\">Environmental Justice in a Challenging World<\/a><\/div><div class=\"fwpl-item postexcerpt marginbottom10\">The current global political landscape poses a serious challenge to protecting the climate, ecosystems, and public health. At ELAW, we draw inspiration from our courageous partners around the world...<\/div><\/div><\/div><\/div><div class=\"fwpl-result r3\"><div class=\"fwpl-row el-14ceo\"><div class=\"fwpl-col fwpl-col el-htqeji\"><div class=\"fwpl-item featured-image\"><a href=\"https:\/\/elaw.org\/fr\/elaw-fellows-arrive-from-czech-republic\"><img loading=\"lazy\" decoding=\"async\" width=\"1200\" height=\"675\" src=\"https:\/\/elaw.org\/wp-content\/uploads\/2026\/03\/2026_03_11_bulletin_1200x675.jpg\" class=\"attachment-full size-full wp-post-image\" alt=\"ELAW Fellows Arrive From Czech Republic\" srcset=\"https:\/\/elaw.org\/wp-content\/uploads\/2026\/03\/2026_03_11_bulletin_1200x675.jpg 1200w, https:\/\/elaw.org\/wp-content\/uploads\/2026\/03\/2026_03_11_bulletin_1200x675-336x189.jpg 336w, https:\/\/elaw.org\/wp-content\/uploads\/2026\/03\/2026_03_11_bulletin_1200x675-771x434.jpg 771w, https:\/\/elaw.org\/wp-content\/uploads\/2026\/03\/2026_03_11_bulletin_1200x675-768x432.jpg 768w, https:\/\/elaw.org\/wp-content\/uploads\/2026\/03\/2026_03_11_bulletin_1200x675-18x10.jpg 18w\" sizes=\"auto, (max-width: 1200px) 100vw, 1200px\" \/><\/a><\/div><div class=\"fwpl-item el-5wh07\">mars 11, 2026<\/div><div class=\"fwpl-item el-vfn8ed\"><a href=\"https:\/\/elaw.org\/fr\/elaw-fellows-arrive-from-czech-republic\">ELAW Fellows Arrive From Czech Republic<\/a><\/div><div class=\"fwpl-item postexcerpt marginbottom10\">2026 ELAW Fellows Eli\u0161ka Beranov\u00e1 and Jan Bakule are working to help the Czech Republic phase out coal by 2033, by accelerating the adoption of renewables and advancing community-based green energy.<\/div><\/div><\/div><\/div><div class=\"fwpl-result r4\"><div class=\"fwpl-row el-14ceo\"><div class=\"fwpl-col fwpl-col el-htqeji\"><div class=\"fwpl-item featured-image\"><a href=\"https:\/\/elaw.org\/fr\/2025-elaw-annual-report\"><img loading=\"lazy\" decoding=\"async\" width=\"2048\" height=\"1536\" src=\"https:\/\/elaw.org\/wp-content\/uploads\/2026\/02\/2025-Team-Gathering_Steve-Repicky-1.jpg\" class=\"attachment-full size-full wp-post-image\" alt=\"\" srcset=\"https:\/\/elaw.org\/wp-content\/uploads\/2026\/02\/2025-Team-Gathering_Steve-Repicky-1.jpg 2048w, https:\/\/elaw.org\/wp-content\/uploads\/2026\/02\/2025-Team-Gathering_Steve-Repicky-1-336x252.jpg 336w, https:\/\/elaw.org\/wp-content\/uploads\/2026\/02\/2025-Team-Gathering_Steve-Repicky-1-771x578.jpg 771w, https:\/\/elaw.org\/wp-content\/uploads\/2026\/02\/2025-Team-Gathering_Steve-Repicky-1-768x576.jpg 768w, https:\/\/elaw.org\/wp-content\/uploads\/2026\/02\/2025-Team-Gathering_Steve-Repicky-1-1536x1152.jpg 1536w, https:\/\/elaw.org\/wp-content\/uploads\/2026\/02\/2025-Team-Gathering_Steve-Repicky-1-16x12.jpg 16w\" sizes=\"auto, (max-width: 2048px) 100vw, 2048px\" \/><\/a><\/div><div class=\"fwpl-item el-5wh07\">mars 6, 2026<\/div><div class=\"fwpl-item el-vfn8ed\"><a href=\"https:\/\/elaw.org\/fr\/2025-elaw-annual-report\">2025 ELAW Annual Report<\/a><\/div><div class=\"fwpl-item postexcerpt marginbottom10\">November 2025 Team Gathering in Eugene, Oregon. PHOTO: Steve Repicky I am proud of all that our team and partners have accomplished in 2025 helping communities speak out for clean air, clean water, and a healthy planet. We are grateful for the allies who support our work and make it possible for ELAW to advance [&hellip;]<\/div><\/div><\/div><\/div><div class=\"fwpl-result r5\"><div class=\"fwpl-row el-14ceo\"><div class=\"fwpl-col fwpl-col el-htqeji\"><div class=\"fwpl-item featured-image\"><a href=\"https:\/\/elaw.org\/fr\/trailblazing-bonaire-climate-case\"><img loading=\"lazy\" decoding=\"async\" width=\"800\" height=\"533\" src=\"https:\/\/elaw.org\/wp-content\/uploads\/2026\/02\/2026_02_26_bulletin_800x533.jpg\" class=\"attachment-full size-full wp-post-image\" alt=\"Dutch court human rights win.\" srcset=\"https:\/\/elaw.org\/wp-content\/uploads\/2026\/02\/2026_02_26_bulletin_800x533.jpg 800w, https:\/\/elaw.org\/wp-content\/uploads\/2026\/02\/2026_02_26_bulletin_800x533-336x224.jpg 336w, https:\/\/elaw.org\/wp-content\/uploads\/2026\/02\/2026_02_26_bulletin_800x533-771x514.jpg 771w, https:\/\/elaw.org\/wp-content\/uploads\/2026\/02\/2026_02_26_bulletin_800x533-768x512.jpg 768w, https:\/\/elaw.org\/wp-content\/uploads\/2026\/02\/2026_02_26_bulletin_800x533-18x12.jpg 18w\" sizes=\"auto, (max-width: 800px) 100vw, 800px\" \/><\/a><\/div><div class=\"fwpl-item el-5wh07\">f\u00e9vrier 26, 2026<\/div><div class=\"fwpl-item el-vfn8ed\"><a href=\"https:\/\/elaw.org\/fr\/trailblazing-bonaire-climate-case\">Trailblazing Bonaire Climate Case<\/a><\/div><div class=\"fwpl-item postexcerpt marginbottom10\">In January, the District Court of The Hague found the Dutch government had violated the human rights of residents of Bonaire by treating them differently from residents of European Netherlands when it comes to protecting them from climate change.<\/div><\/div><\/div><\/div><div class=\"fwpl-result r6\"><div class=\"fwpl-row el-14ceo\"><div class=\"fwpl-col fwpl-col el-htqeji\"><div class=\"fwpl-item featured-image\"><a href=\"https:\/\/elaw.org\/fr\/czech-advocate-joins-elaw-as-killian-o-doherty-environmental-justice-fellow\"><img loading=\"lazy\" decoding=\"async\" width=\"1024\" height=\"691\" src=\"https:\/\/elaw.org\/wp-content\/uploads\/2026\/02\/2026_02_02_bulletin_1024x691.jpg\" class=\"attachment-full size-full wp-post-image\" alt=\"David Chytil. PHOTO: Andrej Kostin, Czech Envi Thesis.\" srcset=\"https:\/\/elaw.org\/wp-content\/uploads\/2026\/02\/2026_02_02_bulletin_1024x691.jpg 1024w, https:\/\/elaw.org\/wp-content\/uploads\/2026\/02\/2026_02_02_bulletin_1024x691-336x227.jpg 336w, https:\/\/elaw.org\/wp-content\/uploads\/2026\/02\/2026_02_02_bulletin_1024x691-771x520.jpg 771w, https:\/\/elaw.org\/wp-content\/uploads\/2026\/02\/2026_02_02_bulletin_1024x691-768x518.jpg 768w, https:\/\/elaw.org\/wp-content\/uploads\/2026\/02\/2026_02_02_bulletin_1024x691-18x12.jpg 18w\" sizes=\"auto, (max-width: 1024px) 100vw, 1024px\" \/><\/a><\/div><div class=\"fwpl-item el-5wh07\">f\u00e9vrier 2, 2026<\/div><div class=\"fwpl-item el-vfn8ed\"><a href=\"https:\/\/elaw.org\/fr\/czech-advocate-joins-elaw-as-killian-o-doherty-environmental-justice-fellow\">Czech Advocate Joins ELAW as Killian O. Doherty Environmental Justice Fellow<\/a><\/div><div class=\"fwpl-item postexcerpt marginbottom10\">We are pleased to announce that David Chytil will work with our team as this year\u2019s Killian O. Doherty Environmental Justice Fellow.<\/div><\/div><\/div><\/div><div class=\"fwpl-result r7\"><div class=\"fwpl-row el-14ceo\"><div class=\"fwpl-col fwpl-col el-htqeji\"><div class=\"fwpl-item featured-image\"><a href=\"https:\/\/elaw.org\/fr\/protecting-communities-the-climate\"><img loading=\"lazy\" decoding=\"async\" width=\"1275\" height=\"1650\" src=\"https:\/\/elaw.org\/wp-content\/uploads\/2025\/12\/AdvocateWinter2026_cover.jpg\" class=\"attachment-full size-full wp-post-image\" alt=\"Advocate Winter 2026 Cover\" srcset=\"https:\/\/elaw.org\/wp-content\/uploads\/2025\/12\/AdvocateWinter2026_cover.jpg 1275w, https:\/\/elaw.org\/wp-content\/uploads\/2025\/12\/AdvocateWinter2026_cover-336x435.jpg 336w, https:\/\/elaw.org\/wp-content\/uploads\/2025\/12\/AdvocateWinter2026_cover-771x998.jpg 771w, https:\/\/elaw.org\/wp-content\/uploads\/2025\/12\/AdvocateWinter2026_cover-768x994.jpg 768w, https:\/\/elaw.org\/wp-content\/uploads\/2025\/12\/AdvocateWinter2026_cover-1187x1536.jpg 1187w, https:\/\/elaw.org\/wp-content\/uploads\/2025\/12\/AdvocateWinter2026_cover-9x12.jpg 9w\" sizes=\"auto, (max-width: 1275px) 100vw, 1275px\" \/><\/a><\/div><div class=\"fwpl-item el-5wh07\">d\u00e9cembre 16, 2025<\/div><div class=\"fwpl-item el-vfn8ed\"><a href=\"https:\/\/elaw.org\/fr\/protecting-communities-the-climate\">Protecting Communities &amp; the Climate<\/a><\/div><div class=\"fwpl-item postexcerpt marginbottom10\">ELAW partners around the world are stepping up to keep fossil fuels in the ground, while at the same time helping communities and pushing governments to prepare for, recover from, and adapt to more frequent and severe weather, ocean warming and acidification, and extended periods of drought and extreme temperatures.<\/div><\/div><\/div><\/div><div class=\"fwpl-result r8\"><div class=\"fwpl-row el-14ceo\"><div class=\"fwpl-col fwpl-col el-htqeji\"><div class=\"fwpl-item featured-image\"><a href=\"https:\/\/elaw.org\/fr\/sri-lankan-advocate-inspires-hope\"><img loading=\"lazy\" decoding=\"async\" width=\"1101\" height=\"702\" src=\"https:\/\/elaw.org\/wp-content\/uploads\/2025\/12\/2025_12_11_bulletin_1101x702.jpg\" class=\"attachment-full size-full wp-post-image\" alt=\"ELAW Fellow Samadhi Hansani (right) meets with the ELAW Team.\" srcset=\"https:\/\/elaw.org\/wp-content\/uploads\/2025\/12\/2025_12_11_bulletin_1101x702.jpg 1101w, https:\/\/elaw.org\/wp-content\/uploads\/2025\/12\/2025_12_11_bulletin_1101x702-336x214.jpg 336w, https:\/\/elaw.org\/wp-content\/uploads\/2025\/12\/2025_12_11_bulletin_1101x702-771x492.jpg 771w, https:\/\/elaw.org\/wp-content\/uploads\/2025\/12\/2025_12_11_bulletin_1101x702-768x490.jpg 768w, https:\/\/elaw.org\/wp-content\/uploads\/2025\/12\/2025_12_11_bulletin_1101x702-18x12.jpg 18w\" sizes=\"auto, (max-width: 1101px) 100vw, 1101px\" \/><\/a><\/div><div class=\"fwpl-item el-5wh07\">d\u00e9cembre 11, 2025<\/div><div class=\"fwpl-item el-vfn8ed\"><a href=\"https:\/\/elaw.org\/fr\/sri-lankan-advocate-inspires-hope\">Sri Lankan Advocate Inspires Hope<\/a><\/div><div class=\"fwpl-item postexcerpt marginbottom10\">ELAW Fellow Samadhi Hansani (right) meets with the ELAW Team. In late November, Cyclone Ditwah devastated Sri Lanka, washing away roads and bridges, submerging agricultural lands, and claiming the lives of more than 480 people. The extreme weather and flooding cut off access to roads, bringing life to a standstill. Amidst the national crisis, Sri [&hellip;]<\/div><\/div><\/div><\/div><\/div>\n<style>\n.fwpl-layout, .fwpl-row {\n    display: grid;\n}\n.fwpl-layout.el-axf4x {\n    grid-template-columns: repeat(4, 1fr);\n    grid-gap: 20px;\n}\n.fwpl-btn {\n    text-decoration: none;\n}\n.fwpl-layout.el-axf4x .fwpl-result {\n    background-color: #f2f2f2;\n}\n.fwpl-row.el-14ceo {\n    grid-template-columns: 1fr;\n}\n.fwpl-item.el-5wh07 {\n    padding: 10px 20px 0px 20px;\n}\n.fwpl-item.el-vfn8ed {\n    padding: 20px;\n    font-weight: bold;\n    font-size: 20px;\n}\n.fwpl-item.postexcerpt {\n    padding: 0px 20px;\n}\n@media (max-width: 480px) { \n    body .facetwp-template .fwpl-layout,  \n    body .facetwp-template-static .fwpl-layout { grid-template-columns: 1fr; } \n} \nmargin-bottom:10px;\n<\/style>\n<\/div>\n\n\n<div class=\"facetwp-facet facetwp-facet-result_count facetwp-type-pager\" data-name=\"result_count\" data-type=\"pager\"><\/div>\n\n\n<div class=\"facetwp-facet facetwp-facet-resource_pager facetwp-type-pager\" data-name=\"resource_pager\" data-type=\"pager\"><\/div>\n<\/div>\n<\/div>\n<\/div>\n<\/div>\n\n\n\n<div style=\"height:100px\" aria-hidden=\"true\" class=\"wp-block-spacer\"><\/div>\n","protected":false},"excerpt":{"rendered":"<p>Ceci est la page d&#039;actualit\u00e9s d&#039;ELAW. Vous y trouverez notre article saisonnier sur le th\u00e8me de l&#039;avocat et un bulletin d&#039;information qui para\u00eet presque chaque semaine !<\/p>","protected":false},"author":2,"featured_media":0,"parent":0,"menu_order":0,"comment_status":"closed","ping_status":"closed","template":"","meta":{"_acf_changed":false,"inline_featured_image":false,"footnotes":""},"class_list":["post-32703","page","type-page","status-publish","hentry"],"blocksy_meta":[],"acf":[],"_links":{"self":[{"href":"https:\/\/elaw.org\/fr\/wp-json\/wp\/v2\/pages\/32703","targetHints":{"allow":["GET"]}}],"collection":[{"href":"https:\/\/elaw.org\/fr\/wp-json\/wp\/v2\/pages"}],"about":[{"href":"https:\/\/elaw.org\/fr\/wp-json\/wp\/v2\/types\/page"}],"author":[{"embeddable":true,"href":"https:\/\/elaw.org\/fr\/wp-json\/wp\/v2\/users\/2"}],"replies":[{"embeddable":true,"href":"https:\/\/elaw.org\/fr\/wp-json\/wp\/v2\/comments?post=32703"}],"version-history":[{"count":10,"href":"https:\/\/elaw.org\/fr\/wp-json\/wp\/v2\/pages\/32703\/revisions"}],"predecessor-version":[{"id":57241,"href":"https:\/\/elaw.org\/fr\/wp-json\/wp\/v2\/pages\/32703\/revisions\/57241"}],"wp:attachment":[{"href":"https:\/\/elaw.org\/fr\/wp-json\/wp\/v2\/media?parent=32703"}],"curies":[{"name":"wp","href":"https:\/\/api.w.org\/{rel}","templated":true}]}}