{"id":34413,"date":"2023-07-12T16:09:21","date_gmt":"2023-07-13T00:09:21","guid":{"rendered":"https:\/\/elaw.org\/?page_id=34413"},"modified":"2024-12-31T09:08:18","modified_gmt":"2024-12-31T17:08:18","slug":"climate-resource-library","status":"publish","type":"page","link":"https:\/\/elaw.org\/es\/climate-resource-library","title":{"rendered":"Biblioteca de recursos clim\u00e1ticos"},"content":{"rendered":"\n<div class=\"wp-block-cover alignfull generichero\" style=\"margin-top:0\"><span aria-hidden=\"true\" class=\"wp-block-cover__background has-black-background-color has-background-dim-40 has-background-dim\"><\/span><img loading=\"lazy\" decoding=\"async\" width=\"2560\" height=\"1805\" class=\"wp-block-cover__image-background wp-image-48844\" alt=\"\" src=\"https:\/\/elaw.org\/wp-content\/uploads\/2023\/10\/climate-change-.-jean-bought-rights-from-can-stock-which-no-longer-exists-so-she-confirmed-we-can-use-scaled.jpeg\" style=\"object-position:59% 38%\" data-object-fit=\"cover\" data-object-position=\"59% 38%\" srcset=\"https:\/\/elaw.org\/wp-content\/uploads\/2023\/10\/climate-change-.-jean-bought-rights-from-can-stock-which-no-longer-exists-so-she-confirmed-we-can-use-scaled.jpeg 2560w, https:\/\/elaw.org\/wp-content\/uploads\/2023\/10\/climate-change-.-jean-bought-rights-from-can-stock-which-no-longer-exists-so-she-confirmed-we-can-use-336x237.jpeg 336w, https:\/\/elaw.org\/wp-content\/uploads\/2023\/10\/climate-change-.-jean-bought-rights-from-can-stock-which-no-longer-exists-so-she-confirmed-we-can-use-771x544.jpeg 771w, https:\/\/elaw.org\/wp-content\/uploads\/2023\/10\/climate-change-.-jean-bought-rights-from-can-stock-which-no-longer-exists-so-she-confirmed-we-can-use-768x541.jpeg 768w, https:\/\/elaw.org\/wp-content\/uploads\/2023\/10\/climate-change-.-jean-bought-rights-from-can-stock-which-no-longer-exists-so-she-confirmed-we-can-use-1536x1083.jpeg 1536w, https:\/\/elaw.org\/wp-content\/uploads\/2023\/10\/climate-change-.-jean-bought-rights-from-can-stock-which-no-longer-exists-so-she-confirmed-we-can-use-2048x1444.jpeg 2048w, https:\/\/elaw.org\/wp-content\/uploads\/2023\/10\/climate-change-.-jean-bought-rights-from-can-stock-which-no-longer-exists-so-she-confirmed-we-can-use-18x12.jpeg 18w\" sizes=\"auto, (max-width: 2560px) 100vw, 2560px\" \/><div class=\"wp-block-cover__inner-container is-layout-flow wp-block-cover-is-layout-flow\">\n<h1 class=\"wp-block-heading has-text-align-center has-palette-color-8-color has-text-color\">Climate Resource Library<\/h1>\n\n\n\n<p class=\"has-text-align-center has-palette-color-8-color has-text-color has-medium-font-size\"><strong>Library of Climate-Related Decisions<\/strong><\/p>\n\n\n\n<div class=\"wp-block-buttons is-content-justification-center is-layout-flex wp-container-core-buttons-is-layout-a89b3969 wp-block-buttons-is-layout-flex\">\n<div class=\"wp-block-button is-style-primary-button\"><a class=\"wp-block-button__link wp-element-button\" href=\"\/climate\/\">Return to Climate<\/a><\/div>\n<\/div>\n<\/div><\/div>\n\n\n\n<div class=\"wp-block-columns is-layout-flex wp-container-core-columns-is-layout-28f84493 wp-block-columns-is-layout-flex\">\n<div class=\"wp-block-column facetwpfilters is-layout-flow wp-block-column-is-layout-flow\" style=\"border-right-width:1px;padding-top:var(--wp--preset--spacing--50);padding-right:var(--wp--preset--spacing--50);padding-bottom:var(--wp--preset--spacing--50);padding-left:var(--wp--preset--spacing--50);flex-basis:33.33%\"><div class=\"facetwp-facet facetwp-facet-algolia facetwp-type-algolia\" data-name=\"algolia\" data-type=\"algolia\"><\/div>\n\n\n\n<p class=\"has-medium-font-size\"><strong>Resource Topic<\/strong><\/p>\n\n\n<div class=\"facetwp-facet facetwp-facet-resource_topics facetwp-type-checkboxes\" data-name=\"resource_topics\" data-type=\"checkboxes\"><\/div>\n\n\n\n<p class=\"has-medium-font-size\"><strong>Region &amp; Country<\/strong><\/p>\n\n\n<div class=\"facetwp-facet facetwp-facet-resource_region facetwp-type-checkboxes\" data-name=\"resource_region\" data-type=\"checkboxes\"><\/div>\n\n\n\n<p><strong>This project has been made possible by the generous support of the Philip Stoddard Brown and Adele Smith Brown Foundation<\/strong><\/p>\n<\/div>\n\n\n\n<div class=\"wp-block-column facetwpresults is-layout-flow wp-block-column-is-layout-flow\" style=\"padding-top:var(--wp--preset--spacing--50);padding-right:var(--wp--preset--spacing--50);padding-bottom:var(--wp--preset--spacing--50);padding-left:var(--wp--preset--spacing--50);flex-basis:66.66%\">\n<div class=\"wp-block-buttons facetwp-flyout-open is-layout-flex wp-block-buttons-is-layout-flex\">\n<div class=\"wp-block-button is-style-secondary-button\"><a class=\"wp-block-button__link wp-element-button\">Filter<\/a><\/div>\n<\/div>\n\n\n\n<div class=\"wp-block-columns facetwpsort is-layout-flex wp-container-core-columns-is-layout-28f84493 wp-block-columns-is-layout-flex\">\n<div class=\"wp-block-column is-vertically-aligned-center is-layout-flow wp-block-column-is-layout-flow\" style=\"flex-basis:10%\">\n<p><strong>Sort By<\/strong><\/p>\n<\/div>\n\n\n\n<div class=\"wp-block-column is-vertically-aligned-center is-layout-flow wp-block-column-is-layout-flow\" style=\"flex-basis:90%\"><div class=\"facetwp-facet facetwp-facet-sort_by_date facetwp-type-sort\" data-name=\"sort_by_date\" data-type=\"sort\"><\/div>\n<\/div>\n<\/div>\n\n\n<div class=\"facetwp-template\" data-name=\"climate\"><div class=\"fwpl-layout el-slswla resourcesresults\"><div class=\"fwpl-result r1\"><div class=\"fwpl-row el-wk6ahh resource-listing\"><div class=\"fwpl-col fwpl-col el-wpl5bc resource-left-col\"><div class=\"fwpl-item el-k1rmn8 resource-title\"><a href=\"https:\/\/elaw.org\/es\/resource\/icj_climateao_2025\">Obligations of States in Respect of Climate Change, Advisory Opinion, 2025 I.C.J. (July 23)<\/a><\/div><div class=\"fwpl-item el-72p06 region-group\"><span class=\"resource-date\">1970<\/span>\n\n\n        <div class=\"topic-group\">\n            <span class=\"topic-name\">Climate Change<\/span>\n\n                                <span class=\"child-topic-name\">Advisory opinions<\/span>\n                                    <span class=\"child-topic-name\">Pivotal Cases<\/span>\n                                    <span class=\"child-topic-name\">United Nations Framework Convention on Climate Change<\/span>\n                        <\/div>\n\n    <\/div><div class=\"fwpl-item el-3oxa9b resource-excerpt is-empty\"><\/div><\/div><div class=\"fwpl-col fwpl-col el-ft70iv resource-image-col\"><div class=\"fwpl-item el-sydf8k resource-image is-empty\"><\/div><\/div><\/div><\/div><div class=\"fwpl-result r2\"><div class=\"fwpl-row el-wk6ahh resource-listing\"><div class=\"fwpl-col fwpl-col el-wpl5bc resource-left-col\"><div class=\"fwpl-item el-k1rmn8 resource-title\"><a href=\"https:\/\/elaw.org\/es\/resource\/idlads_04399-2024-0-1801-jr-dc-05\">IDLADS vs. Ministry of Agrarian Development and Irrigation, and National Forestry and Wildlife Service (Action of Compliance, 04399-2024-0-1801-JR-DC-05)<\/a><\/div><div class=\"fwpl-item el-72p06 region-group\"><span class=\"resource-date\">1970<\/span>\n\n        <div class=\"region-group\">\n            <span class=\"region-name\">South America<\/span>\n\n                                <span class=\"country-name\">Peru<\/span>\n                        <\/div>\n\n    \n\n        <div class=\"topic-group\">\n            <span class=\"topic-name\">Access to Information<\/span>\n\n                    <\/div>\n\n    <\/div><div class=\"fwpl-item el-3oxa9b resource-excerpt is-empty\"><\/div><\/div><div class=\"fwpl-col fwpl-col el-ft70iv resource-image-col\"><div class=\"fwpl-item el-sydf8k resource-image is-empty\"><\/div><\/div><\/div><\/div><div class=\"fwpl-result r3\"><div class=\"fwpl-row el-wk6ahh resource-listing\"><div class=\"fwpl-col fwpl-col el-wpl5bc resource-left-col\"><div class=\"fwpl-item el-k1rmn8 resource-title\"><a href=\"https:\/\/elaw.org\/es\/resource\/uk_finch_20june2024\"> R (on the application of Finch on behalf of the Weald Action Group) v Surrey County Council and others, UKSC 20 (20 June 2024)<\/a><\/div><div class=\"fwpl-item el-72p06 region-group\"><span class=\"resource-date\">1970<\/span>\n\n\n        <div class=\"topic-group\">\n            <span class=\"topic-name\">Climate Change<\/span>\n\n                                <span class=\"child-topic-name\">Greenhouse gases<\/span>\n                        <\/div>\n\n    \n        <div class=\"topic-group\">\n            <span class=\"topic-name\">Environmental Impact Assessment<\/span>\n\n                                <span class=\"child-topic-name\">Impacts<\/span>\n                        <\/div>\n\n    \n        <div class=\"topic-group\">\n            <span class=\"topic-name\">Oil &amp; Gas<\/span>\n\n                                <span class=\"child-topic-name\">Onshore oil &amp; gas<\/span>\n                        <\/div>\n\n    <\/div><div class=\"fwpl-item el-3oxa9b resource-excerpt is-empty\"><\/div><\/div><div class=\"fwpl-col fwpl-col el-ft70iv resource-image-col\"><div class=\"fwpl-item el-sydf8k resource-image is-empty\"><\/div><\/div><\/div><\/div><div class=\"fwpl-result r4\"><div class=\"fwpl-row el-wk6ahh resource-listing\"><div class=\"fwpl-col fwpl-col el-wpl5bc resource-left-col\"><div class=\"fwpl-item el-k1rmn8 resource-title\"><a href=\"https:\/\/elaw.org\/es\/resource\/verein-klimaseniorinnen-schweiz-and-others-v-switzerland-application-no-53600-20-grand-chamber-european-court-of-human-rights-strasbourg-9-april-2024\">Verein KlimaSeniorinnen Schweiz and Others v Switzerland - Application no. 53600\/20, Grand Chamber (European Court of Human Rights, Strasbourg) (9 April 2024)<\/a><\/div><div class=\"fwpl-item el-72p06 region-group\"><span class=\"resource-date\">1970<\/span>\n\n        <div class=\"region-group\">\n            <span class=\"region-name\">Western Europe<\/span>\n\n                                <span class=\"country-name\">Switzerland<\/span>\n                        <\/div>\n\n    \n\n        <div class=\"topic-group\">\n            <span class=\"topic-name\">Access to Justice<\/span>\n\n                                <span class=\"child-topic-name\">Standing<\/span>\n                        <\/div>\n\n    \n        <div class=\"topic-group\">\n            <span class=\"topic-name\">Climate Change<\/span>\n\n                                <span class=\"child-topic-name\">Litigation<\/span>\n                                    <span class=\"child-topic-name\">United Nations Framework Convention on Climate Change<\/span>\n                        <\/div>\n\n    \n        <div class=\"topic-group\">\n            <span class=\"topic-name\">Human Rights<\/span>\n\n                                <span class=\"child-topic-name\">European Court of Human Rights<\/span>\n                        <\/div>\n\n    <\/div><div class=\"fwpl-item el-3oxa9b resource-excerpt is-empty\"><\/div><\/div><div class=\"fwpl-col fwpl-col el-ft70iv resource-image-col\"><div class=\"fwpl-item el-sydf8k resource-image is-empty\"><\/div><\/div><\/div><\/div><div class=\"fwpl-result r5\"><div class=\"fwpl-row el-wk6ahh resource-listing\"><div class=\"fwpl-col fwpl-col el-wpl5bc resource-left-col\"><div class=\"fwpl-item el-k1rmn8 resource-title\"><a href=\"https:\/\/elaw.org\/es\/resource\/idlads_04419-2023-0-1801-jr-dc\">IDLADS vs. Ministry of the Environment (Action of Compliance, 04419-2023-0-1801-JR-DC-01)<\/a><\/div><div class=\"fwpl-item el-72p06 region-group\"><span class=\"resource-date\">1970<\/span>\n\n        <div class=\"region-group\">\n            <span class=\"region-name\">South America<\/span>\n\n                                <span class=\"country-name\">Peru<\/span>\n                        <\/div>\n\n    \n\n        <div class=\"topic-group\">\n            <span class=\"topic-name\">Access to Information<\/span>\n\n                    <\/div>\n\n    <\/div><div class=\"fwpl-item el-3oxa9b resource-excerpt is-empty\"><\/div><\/div><div class=\"fwpl-col fwpl-col el-ft70iv resource-image-col\"><div class=\"fwpl-item el-sydf8k resource-image is-empty\"><\/div><\/div><\/div><\/div><div class=\"fwpl-result r6\"><div class=\"fwpl-row el-wk6ahh resource-listing\"><div class=\"fwpl-col fwpl-col el-wpl5bc resource-left-col\"><div class=\"fwpl-item el-k1rmn8 resource-title\"><a href=\"https:\/\/elaw.org\/es\/resource\/in_gib_21march2024\">M K Ranjitsinh &amp; Ors. v Union of India &amp; Ors. Supreme Court of India, Writ Petition (Civil) No. 838 of 2019 with Civil Appeal No. 3570 of 2022 (judgment) (21 March 2024)<\/a><\/div><div class=\"fwpl-item el-72p06 region-group\"><span class=\"resource-date\">1970<\/span>\n\n        <div class=\"region-group\">\n            <span class=\"region-name\">South Asia<\/span>\n\n                                <span class=\"country-name\">India<\/span>\n                        <\/div>\n\n    \n\n        <div class=\"topic-group\">\n            <span class=\"topic-name\">Biodiversity<\/span>\n\n                    <\/div>\n\n    \n        <div class=\"topic-group\">\n            <span class=\"topic-name\">Climate Change<\/span>\n\n                    <\/div>\n\n    \n        <div class=\"topic-group\">\n            <span class=\"topic-name\">Constitutions<\/span>\n\n                                <span class=\"child-topic-name\">Right to Healthy Environment<\/span>\n                                    <span class=\"child-topic-name\">Right to Life<\/span>\n                        <\/div>\n\n    \n        <div class=\"topic-group\">\n            <span class=\"topic-name\">Energy<\/span>\n\n                                <span class=\"child-topic-name\">Renewables<\/span>\n                        <\/div>\n\n    \n        <div class=\"topic-group\">\n            <span class=\"topic-name\">Right to ...<\/span>\n\n                                <span class=\"child-topic-name\">Health<\/span>\n                        <\/div>\n\n    \n        <div class=\"topic-group\">\n            <span class=\"topic-name\">Sustainable Development<\/span>\n\n                    <\/div>\n\n    \n        <div class=\"topic-group\">\n            <span class=\"topic-name\">Wildlife<\/span>\n\n                                <span class=\"child-topic-name\">Endangered species<\/span>\n                        <\/div>\n\n    <\/div><div class=\"fwpl-item el-3oxa9b resource-excerpt is-empty\"><\/div><\/div><div class=\"fwpl-col fwpl-col el-ft70iv resource-image-col\"><div class=\"fwpl-item el-sydf8k resource-image is-empty\"><\/div><\/div><\/div><\/div><div class=\"fwpl-result r7\"><div class=\"fwpl-row el-wk6ahh resource-listing\"><div class=\"fwpl-col fwpl-col el-wpl5bc resource-left-col\"><div class=\"fwpl-item el-k1rmn8 resource-title\"><a href=\"https:\/\/elaw.org\/es\/resource\/us_heldvmontana_2023\">Held v. Montana, No. CDV-2020-307 (Mont. 1st Dist. Ct.) (14 Aug. 2023)<\/a><\/div><div class=\"fwpl-item el-72p06 region-group\"><span class=\"resource-date\">1970<\/span>\n\n        <div class=\"region-group\">\n            <span class=\"region-name\">North America<\/span>\n\n                                <span class=\"country-name\">United States of America<\/span>\n                        <\/div>\n\n    \n\n        <div class=\"topic-group\">\n            <span class=\"topic-name\">Climate Change<\/span>\n\n                                <span class=\"child-topic-name\">Greenhouse gases<\/span>\n                                    <span class=\"child-topic-name\">Litigation<\/span>\n                        <\/div>\n\n    \n        <div class=\"topic-group\">\n            <span class=\"topic-name\">Constitutions<\/span>\n\n                                <span class=\"child-topic-name\">Right to Healthy Environment<\/span>\n                        <\/div>\n\n    \n        <div class=\"topic-group\">\n            <span class=\"topic-name\">Environmental Impact Assessment<\/span>\n\n                    <\/div>\n\n    \n        <div class=\"topic-group\">\n            <span class=\"topic-name\">Public Trust Doctrine<\/span>\n\n                    <\/div>\n\n    \n        <div class=\"topic-group\">\n            <span class=\"topic-name\">Right to ...<\/span>\n\n                                <span class=\"child-topic-name\">Healthy Environment<\/span>\n                        <\/div>\n\n    <\/div><div class=\"fwpl-item el-3oxa9b resource-excerpt is-empty\"><\/div><\/div><div class=\"fwpl-col fwpl-col el-ft70iv resource-image-col\"><div class=\"fwpl-item el-sydf8k resource-image is-empty\"><\/div><\/div><\/div><\/div><div class=\"fwpl-result r8\"><div class=\"fwpl-row el-wk6ahh resource-listing\"><div class=\"fwpl-col fwpl-col el-wpl5bc resource-left-col\"><div class=\"fwpl-item el-k1rmn8 resource-title\"><a href=\"https:\/\/elaw.org\/es\/resource\/br_psb_supremecourt_1july2022\">PSB, P-SOL, PT, REDE v. Uni\u00e3o [2022] ADPF 708 (1 July 2022) (published 11 July 2022)<\/a><\/div><div class=\"fwpl-item el-72p06 region-group\"><span class=\"resource-date\">1970<\/span>\n\n        <div class=\"region-group\">\n            <span class=\"region-name\">South America<\/span>\n\n                                <span class=\"country-name\">Brazil<\/span>\n                        <\/div>\n\n    \n\n        <div class=\"topic-group\">\n            <span class=\"topic-name\">Climate Change<\/span>\n\n                                <span class=\"child-topic-name\">United Nations Framework Convention on Climate Change<\/span>\n                        <\/div>\n\n    \n        <div class=\"topic-group\">\n            <span class=\"topic-name\">Human Rights<\/span>\n\n                    <\/div>\n\n    <\/div><div class=\"fwpl-item el-3oxa9b resource-excerpt is-empty\"><\/div><\/div><div class=\"fwpl-col fwpl-col el-ft70iv resource-image-col\"><div class=\"fwpl-item el-sydf8k resource-image is-empty\"><\/div><\/div><\/div><\/div><div class=\"fwpl-result r9\"><div class=\"fwpl-row el-wk6ahh resource-listing\"><div class=\"fwpl-col fwpl-col el-wpl5bc resource-left-col\"><div class=\"fwpl-item el-k1rmn8 resource-title\"><a href=\"https:\/\/elaw.org\/es\/resource\/fr_notreaffairsatous_3feb2021\">Notre Affaire \u00e0 Tous and Others v. France, No. 1904967, 1904968, 1904972, 1904976\/4-1, Paris Administrative Court (3 February 2021)<\/a><\/div><div class=\"fwpl-item el-72p06 region-group\"><span class=\"resource-date\">1970<\/span>\n\n        <div class=\"region-group\">\n            <span class=\"region-name\">Western Europe<\/span>\n\n                                <span class=\"country-name\">France<\/span>\n                        <\/div>\n\n    \n\n        <div class=\"topic-group\">\n            <span class=\"topic-name\">Climate Change<\/span>\n\n                                <span class=\"child-topic-name\">Greenhouse gases<\/span>\n                                    <span class=\"child-topic-name\">United Nations Framework Convention on Climate Change<\/span>\n                        <\/div>\n\n    <\/div><div class=\"fwpl-item el-3oxa9b resource-excerpt is-empty\"><\/div><\/div><div class=\"fwpl-col fwpl-col el-ft70iv resource-image-col\"><div class=\"fwpl-item el-sydf8k resource-image is-empty\"><\/div><\/div><\/div><\/div><div class=\"fwpl-result r10\"><div class=\"fwpl-row el-wk6ahh resource-listing\"><div class=\"fwpl-col fwpl-col el-wpl5bc resource-left-col\"><div class=\"fwpl-item el-k1rmn8 resource-title\"><a href=\"https:\/\/elaw.org\/es\/resource\/fr_portraitmacron_16sept19\">Jugement Correctionnel, Cour d\u2019Appel de Lyon, No. 19168000015 (16 Sept 2019)<\/a><\/div><div class=\"fwpl-item el-72p06 region-group\"><span class=\"resource-date\">1970<\/span>\n\n        <div class=\"region-group\">\n            <span class=\"region-name\">Western Europe<\/span>\n\n                                <span class=\"country-name\">France<\/span>\n                        <\/div>\n\n    \n\n        <div class=\"topic-group\">\n            <span class=\"topic-name\">Climate Change<\/span>\n\n                    <\/div>\n\n    \n        <div class=\"topic-group\">\n            <span class=\"topic-name\">Crimes<\/span>\n\n                    <\/div>\n\n    <\/div><div class=\"fwpl-item el-3oxa9b resource-excerpt is-empty\"><\/div><\/div><div class=\"fwpl-col fwpl-col el-ft70iv resource-image-col\"><div class=\"fwpl-item el-sydf8k resource-image is-empty\"><\/div><\/div><\/div><\/div><div class=\"fwpl-result r11\"><div class=\"fwpl-row el-wk6ahh resource-listing\"><div class=\"fwpl-col fwpl-col el-wpl5bc resource-left-col\"><div class=\"fwpl-item el-k1rmn8 resource-title\"><a href=\"https:\/\/elaw.org\/es\/resource\/pk_sheikhasimfarooq_30august2019\">Sheikh Asim Farooq v. Federation of Pakistan, W.P. No. 192069 of 2018 (Lahore High Court) (30 August 2019)<\/a><\/div><div class=\"fwpl-item el-72p06 region-group\"><span class=\"resource-date\">1970<\/span>\n\n        <div class=\"region-group\">\n            <span class=\"region-name\">South Asia<\/span>\n\n                                <span class=\"country-name\">Pakistan<\/span>\n                        <\/div>\n\n    \n\n        <div class=\"topic-group\">\n            <span class=\"topic-name\">Climate Change<\/span>\n\n                    <\/div>\n\n    \n        <div class=\"topic-group\">\n            <span class=\"topic-name\">Forests<\/span>\n\n                    <\/div>\n\n    <\/div><div class=\"fwpl-item el-3oxa9b resource-excerpt is-empty\"><\/div><\/div><div class=\"fwpl-col fwpl-col el-ft70iv resource-image-col\"><div class=\"fwpl-item el-sydf8k resource-image is-empty\"><\/div><\/div><\/div><\/div><div class=\"fwpl-result r12\"><div class=\"fwpl-row el-wk6ahh resource-listing\"><div class=\"fwpl-col fwpl-col el-wpl5bc resource-left-col\"><div class=\"fwpl-item el-k1rmn8 resource-title\"><a href=\"https:\/\/elaw.org\/es\/resource\/us_wildearth-guardians_19march2019\">WildEarth Guardians v. Zinke, 1:16-cv-01724 (RC) D.D.C. (19 March 2019)<\/a><\/div><div class=\"fwpl-item el-72p06 region-group\"><span class=\"resource-date\">1970<\/span>\n\n        <div class=\"region-group\">\n            <span class=\"region-name\">North America<\/span>\n\n                                <span class=\"country-name\">United States of America<\/span>\n                        <\/div>\n\n    \n\n        <div class=\"topic-group\">\n            <span class=\"topic-name\">Climate Change<\/span>\n\n                                <span class=\"child-topic-name\">Greenhouse gases<\/span>\n                                    <span class=\"child-topic-name\">Litigation<\/span>\n                        <\/div>\n\n    \n        <div class=\"topic-group\">\n            <span class=\"topic-name\">Oil &amp; Gas<\/span>\n\n                    <\/div>\n\n    <\/div><div class=\"fwpl-item el-3oxa9b resource-excerpt is-empty\"><\/div><\/div><div class=\"fwpl-col fwpl-col el-ft70iv resource-image-col\"><div class=\"fwpl-item el-sydf8k resource-image is-empty\"><\/div><\/div><\/div><\/div><\/div>\n<style>\n.fwpl-layout, .fwpl-row {\n    display: grid;\n}\n.fwpl-layout.el-slswla {\n    grid-template-columns: repeat(1, 1fr);\n    grid-gap: 10px;\n}\n.fwpl-btn {\n    text-decoration: none;\n}\n.fwpl-layout.el-slswla .fwpl-result {\n    padding: 20px;\n}\n.fwpl-row.el-wk6ahh {\n    grid-template-columns: 70% 1fr;\n}\n@media (max-width: 480px) { \n    body .facetwp-template .fwpl-layout,  \n    body .facetwp-template-static .fwpl-layout { grid-template-columns: 1fr; } \n} \n\n<\/style>\n<\/div>\n\n\n\n<div style=\"height:50px\" aria-hidden=\"true\" class=\"wp-block-spacer\"><\/div>\n\n\n<div class=\"facetwp-facet facetwp-facet-result_count facetwp-type-pager\" data-name=\"result_count\" data-type=\"pager\"><\/div>\n\n\n<div class=\"facetwp-facet facetwp-facet-resource_pager facetwp-type-pager\" data-name=\"resource_pager\" data-type=\"pager\"><\/div>\n<\/div>\n<\/div>\n\n\n\n<div style=\"height:100px\" aria-hidden=\"true\" class=\"wp-block-spacer\"><\/div>\n\n\n\n<p class=\"has-text-align-center\"><strong>This project has been made possible by the generous support of the Philip Stoddard Brown and Adele Smith Brown Foundation.<\/strong><\/p>\n\n\n\n<div style=\"height:100px\" aria-hidden=\"true\" class=\"wp-block-spacer\"><\/div>\n","protected":false},"excerpt":{"rendered":"<p>Recurso Tema Regi\u00f3n y pa\u00eds Este proyecto ha sido posible gracias al generoso apoyo de la Fundaci\u00f3n Philip Stoddard Brown y Adele Smith Brown Ordenar por Este proyecto ha sido posible gracias al generoso apoyo de la Fundaci\u00f3n Philip Stoddard Brown y Adele Smith Brown.<\/p>","protected":false},"author":2,"featured_media":0,"parent":0,"menu_order":0,"comment_status":"closed","ping_status":"closed","template":"","meta":{"_acf_changed":false,"inline_featured_image":false,"footnotes":""},"class_list":["post-34413","page","type-page","status-publish","hentry"],"blocksy_meta":[],"acf":[],"_links":{"self":[{"href":"https:\/\/elaw.org\/es\/wp-json\/wp\/v2\/pages\/34413","targetHints":{"allow":["GET"]}}],"collection":[{"href":"https:\/\/elaw.org\/es\/wp-json\/wp\/v2\/pages"}],"about":[{"href":"https:\/\/elaw.org\/es\/wp-json\/wp\/v2\/types\/page"}],"author":[{"embeddable":true,"href":"https:\/\/elaw.org\/es\/wp-json\/wp\/v2\/users\/2"}],"replies":[{"embeddable":true,"href":"https:\/\/elaw.org\/es\/wp-json\/wp\/v2\/comments?post=34413"}],"version-history":[{"count":10,"href":"https:\/\/elaw.org\/es\/wp-json\/wp\/v2\/pages\/34413\/revisions"}],"predecessor-version":[{"id":50116,"href":"https:\/\/elaw.org\/es\/wp-json\/wp\/v2\/pages\/34413\/revisions\/50116"}],"wp:attachment":[{"href":"https:\/\/elaw.org\/es\/wp-json\/wp\/v2\/media?parent=34413"}],"curies":[{"name":"gracias","href":"https:\/\/api.w.org\/{rel}","templated":true}]}}